
{"id":993,"date":"2024-12-02T07:30:26","date_gmt":"2024-12-02T05:30:26","guid":{"rendered":"https:\/\/garsaspro.lt\/product\/shure-blx24e-pg58-k14\/"},"modified":"2025-12-02T15:40:09","modified_gmt":"2025-12-02T13:40:09","slug":"shure-blx24e-pg58-k14","status":"publish","type":"product","link":"https:\/\/garsaspro.lt\/en\/product\/shure-blx24e-pg58-k14\/","title":{"rendered":"Shure BLX24E\/PG58-K14"},"content":{"rendered":"<p>Belaid\u0117 mikrofono sistema, paprasta naudoti ir patikima \u012fvairiems renginiams. Tinka kalboms, muzikai, prezentacijoms ir karaoke. Tiesiog \u012fjunkite ir prad\u0117kite naudoti.<\/p>\n<p>&#8211; Rinkin\u012f sudaro imtuvas ir rankinis mikrofonas su integruotu si\u0173stuvu<br \/>\n&#8211; Stabilus ry\u0161ys, veikia iki ma\u017edaug 100 m<br \/>\n&#8211; Ai\u0161kus, nat\u016bralus garsas (PG58 tipo dinamin\u0117 kapsul\u0117)<br \/>\n&#8211; 12 kanal\u0173 \u2013 lengva i\u0161vengti trukd\u017ei\u0173<br \/>\n&#8211; Iki ~14 val. darbo su 2 x AA baterijomis<br \/>\n&#8211; UHF ry\u0161ys u\u017etikrina patikim\u0105 veikim\u0105 \u012fvairiose erdv\u0117se<\/p>\n<p>Puikus pasirinkimas rengini\u0173 ved\u0117jams, muzikantams ir visiems, kam reikia laisv\u0117s jud\u0117ti scenoje be laid\u0173.<\/p>\n","protected":false},"excerpt":{"rendered":"<p>Belaid\u0117 mikrofono sistema, paprasta naudoti ir patikima \u012fvairiems renginiams. Tinka kalboms, muzikai, prezentacijoms ir karaoke. Tiesiog \u012fjunkite ir prad\u0117kite naudoti.<\/p>\n","protected":false},"featured_media":859,"comment_status":"open","ping_status":"closed","template":"","meta":[],"product_brand":[],"product_cat":[55,47],"product_tag":[],"class_list":{"0":"post-993","1":"product","2":"type-product","3":"status-publish","4":"has-post-thumbnail","6":"product_cat-microphones","7":"product_cat-sound-equipment-hire","9":"first","10":"instock","11":"shipping-taxable","12":"purchasable","13":"product-type-redq_rental"},"_links":{"self":[{"href":"https:\/\/garsaspro.lt\/en\/wp-json\/wp\/v2\/product\/993","targetHints":{"allow":["GET"]}}],"collection":[{"href":"https:\/\/garsaspro.lt\/en\/wp-json\/wp\/v2\/product"}],"about":[{"href":"https:\/\/garsaspro.lt\/en\/wp-json\/wp\/v2\/types\/product"}],"replies":[{"embeddable":true,"href":"https:\/\/garsaspro.lt\/en\/wp-json\/wp\/v2\/comments?post=993"}],"wp:featuredmedia":[{"embeddable":true,"href":"https:\/\/garsaspro.lt\/en\/wp-json\/wp\/v2\/media\/859"}],"wp:attachment":[{"href":"https:\/\/garsaspro.lt\/en\/wp-json\/wp\/v2\/media?parent=993"}],"wp:term":[{"taxonomy":"product_brand","embeddable":true,"href":"https:\/\/garsaspro.lt\/en\/wp-json\/wp\/v2\/product_brand?post=993"},{"taxonomy":"product_cat","embeddable":true,"href":"https:\/\/garsaspro.lt\/en\/wp-json\/wp\/v2\/product_cat?post=993"},{"taxonomy":"product_tag","embeddable":true,"href":"https:\/\/garsaspro.lt\/en\/wp-json\/wp\/v2\/product_tag?post=993"}],"curies":[{"name":"wp","href":"https:\/\/api.w.org\/{rel}","templated":true}]}}