
{"id":963,"date":"2024-12-02T07:38:19","date_gmt":"2024-12-02T05:38:19","guid":{"rendered":"https:\/\/garsaspro.lt\/product\/6-channel-console-soundsation-miomix-204fx\/"},"modified":"2025-12-02T15:40:05","modified_gmt":"2025-12-02T13:40:05","slug":"6-channel-console-soundsation-miomix-204fx","status":"publish","type":"product","link":"https:\/\/garsaspro.lt\/en\/product\/6-channel-console-soundsation-miomix-204fx\/","title":{"rendered":"6 channel console SOUNDSATION MIOMIX 204FX"},"content":{"rendered":"<ul class=\"specs-list list-group list-group-flush\">\n<li>\u012e\u0117jimai: kombinuoti XLR\/Jack (1\u20132), balansuoti 6,3 mm (3\u20134), stereo RCA ir 3,5 mm (5\u20136).<\/li>\n<li>I\u0161\u0117jimai: pagrindinis XLR (L\/R), ausin\u0117ms 6,3 mm.<\/li>\n<li>1\u20132 kanalai: +48 V fantominis maitinimas, jungiklis Line\/Hi\u2011Z, 2 juost\u0173 EQ, efekt\u0173 siuntimas, panorama, garsumas.<\/li>\n<li>3\u20134 kanalai: lygio jungiklis (+4\/\u201310 dB), panorama, garsumas.<\/li>\n<li>5\u20136 kanalai: garsumas, mono\/stereo jungiklis.<\/li>\n<li>Skaitmeniniai efektai: kokybi\u0161ki 24 bit\u0173, paruo\u0161ti naudoti.<\/li>\n<li>Garso lygio indikatorius: ai\u0161k\u016bs LED.<\/li>\n<li>Maitinimas: DC 5 V, iki 2,5 W.<\/li>\n<li>Matmenys: 166 \u00d7 165 \u00d7 66 mm; pakuot\u0117: 300 \u00d7 208 \u00d7 87 mm.<\/li>\n<li>Svoris: 0,9 kg; bruto: 1,25 kg.<\/li>\n<\/ul>\n","protected":false},"excerpt":{"rendered":"<p>\u012e\u0117jimai: kombinuoti XLR\/Jack (1\u20132), balansuoti 6,3 mm (3\u20134), stereo RCA ir 3,5 mm (5\u20136). I\u0161\u0117jimai: pagrindinis XLR (L\/R), ausin\u0117ms 6,3<\/p>\n","protected":false},"featured_media":878,"comment_status":"open","ping_status":"closed","template":"","meta":[],"product_brand":[],"product_cat":[47],"product_tag":[],"class_list":{"0":"post-963","1":"product","2":"type-product","3":"status-publish","4":"has-post-thumbnail","6":"product_cat-sound-equipment-hire","8":"first","9":"instock","10":"shipping-taxable","11":"purchasable","12":"product-type-redq_rental"},"_links":{"self":[{"href":"https:\/\/garsaspro.lt\/en\/wp-json\/wp\/v2\/product\/963","targetHints":{"allow":["GET"]}}],"collection":[{"href":"https:\/\/garsaspro.lt\/en\/wp-json\/wp\/v2\/product"}],"about":[{"href":"https:\/\/garsaspro.lt\/en\/wp-json\/wp\/v2\/types\/product"}],"replies":[{"embeddable":true,"href":"https:\/\/garsaspro.lt\/en\/wp-json\/wp\/v2\/comments?post=963"}],"wp:featuredmedia":[{"embeddable":true,"href":"https:\/\/garsaspro.lt\/en\/wp-json\/wp\/v2\/media\/878"}],"wp:attachment":[{"href":"https:\/\/garsaspro.lt\/en\/wp-json\/wp\/v2\/media?parent=963"}],"wp:term":[{"taxonomy":"product_brand","embeddable":true,"href":"https:\/\/garsaspro.lt\/en\/wp-json\/wp\/v2\/product_brand?post=963"},{"taxonomy":"product_cat","embeddable":true,"href":"https:\/\/garsaspro.lt\/en\/wp-json\/wp\/v2\/product_cat?post=963"},{"taxonomy":"product_tag","embeddable":true,"href":"https:\/\/garsaspro.lt\/en\/wp-json\/wp\/v2\/product_tag?post=963"}],"curies":[{"name":"wp","href":"https:\/\/api.w.org\/{rel}","templated":true}]}}