
{"id":953,"date":"2024-12-02T16:15:05","date_gmt":"2024-12-02T14:15:05","guid":{"rendered":"https:\/\/garsaspro.lt\/product\/antari-ch-1de-cinema-hazer-co2-mist-generator\/"},"modified":"2025-12-02T15:40:03","modified_gmt":"2025-12-02T13:40:03","slug":"antari-ch-1de-cinema-hazer-co2-mist-generator","status":"publish","type":"product","link":"https:\/\/garsaspro.lt\/en\/product\/antari-ch-1de-cinema-hazer-co2-mist-generator\/","title":{"rendered":"Antari ch-1de Cinema Hazer Co2 Mist Generator"},"content":{"rendered":"<p>Profesionalus haze generatorius nuomai. Greitas \u012f\u0161ilimas, tolygus r\u016bko paskirstymas ir tylus darbas \u2013 puikus pasirinkimas koncertams, renginiams, filmavimams ar klubams. Paprastas valdymas ir patikimas veikimas.<\/p>\n<p>Pagrindiniai privalumai:<br \/>\n&#8211; Maitinimas: 100\u2013240 V AC<br \/>\n&#8211; \u012e\u0161ilimas: apie 8 min<br \/>\n&#8211; Skys\u010dio s\u0105naudos: iki 2 ml\/min<br \/>\n&#8211; Bakelio talpa: 2,5 l<br \/>\n&#8211; Rekomenduojamas skystis: Antari CHL-2<br \/>\n&#8211; Dujos: CO2 arba N2 (azotas)<br \/>\n&#8211; Darbinis sl\u0117gis: ~3,4\u20134,1 bar<br \/>\n&#8211; Valdymas: lietimui jautrus ekranas, rankinis, laikmatis, DMX512, belaidis DMX (pasirinktinai)<br \/>\n&#8211; DMX kanalai: 1 \/ 3 \/ 5<br \/>\n&#8211; Darbin\u0117 temperat\u016bra: 0\u201340 \u00b0C<br \/>\n&#8211; Jungtys: Neutrik True1 (maitinimas), XLR 3 ir 5 pin (DMX), 9\/16&#8243; duj\u0173 \u012fvadas<br \/>\n&#8211; I\u0161matavimai: 579 \u00d7 164 \u00d7 311 mm<br \/>\n&#8211; Svoris: 17 kg<\/p>\n<p>Komplekte:<br \/>\n&#8211; Sl\u0117gio matuoklis<br \/>\n&#8211; Oro \u017earna<\/p>\n<p>Papildomai (u\u017esakoma atskirai):<br \/>\n&#8211; Belaidis W-DMX modulis<br \/>\n&#8211; FCH-1 flight case<\/p>\n<p>Naudojimas: greitai ir tolygiai u\u017epildo erdv\u0119 \u0161velniu r\u016bku, kuris gra\u017eiai i\u0161ry\u0161kina \u0161viesos efektus vidutin\u0117se ir didel\u0117se erdv\u0117se.<\/p>\n","protected":false},"excerpt":{"rendered":"<p>The CO2 model smoothly produces a large amount of fine mist with a low operating sound, and includes an adjustable fan to spread the mist at different angles. Equipped with a colour touch panel for intuitive operation, it is connected to a CO2 gas cylinder where gas and liquid are mixed together to ensure longer hanging times.<\/p>\n<p>The new Antari CH-1 is a slim and compact fog machine with the following features:<\/p>\n","protected":false},"featured_media":896,"comment_status":"open","ping_status":"closed","template":"","meta":[],"product_brand":[62],"product_cat":[46,77],"product_tag":[],"class_list":{"0":"post-953","1":"product","2":"type-product","3":"status-publish","4":"has-post-thumbnail","6":"product_brand-centolight","7":"product_cat-effects","8":"product_cat-smoke-machine-for-rent","10":"first","11":"instock","12":"shipping-taxable","13":"purchasable","14":"product-type-redq_rental"},"_links":{"self":[{"href":"https:\/\/garsaspro.lt\/en\/wp-json\/wp\/v2\/product\/953","targetHints":{"allow":["GET"]}}],"collection":[{"href":"https:\/\/garsaspro.lt\/en\/wp-json\/wp\/v2\/product"}],"about":[{"href":"https:\/\/garsaspro.lt\/en\/wp-json\/wp\/v2\/types\/product"}],"replies":[{"embeddable":true,"href":"https:\/\/garsaspro.lt\/en\/wp-json\/wp\/v2\/comments?post=953"}],"wp:featuredmedia":[{"embeddable":true,"href":"https:\/\/garsaspro.lt\/en\/wp-json\/wp\/v2\/media\/896"}],"wp:attachment":[{"href":"https:\/\/garsaspro.lt\/en\/wp-json\/wp\/v2\/media?parent=953"}],"wp:term":[{"taxonomy":"product_brand","embeddable":true,"href":"https:\/\/garsaspro.lt\/en\/wp-json\/wp\/v2\/product_brand?post=953"},{"taxonomy":"product_cat","embeddable":true,"href":"https:\/\/garsaspro.lt\/en\/wp-json\/wp\/v2\/product_cat?post=953"},{"taxonomy":"product_tag","embeddable":true,"href":"https:\/\/garsaspro.lt\/en\/wp-json\/wp\/v2\/product_tag?post=953"}],"curies":[{"name":"wp","href":"https:\/\/api.w.org\/{rel}","templated":true}]}}