
{"id":944,"date":"2024-12-03T13:16:30","date_gmt":"2024-12-03T11:16:30","guid":{"rendered":"https:\/\/garsaspro.lt\/product\/led-screen-2-5x4-5m-3-91-rented-with-staff-only\/"},"modified":"2025-12-02T15:39:57","modified_gmt":"2025-12-02T13:39:57","slug":"led-screen-2-5x4-5m-3-91-rented-with-staff-only","status":"publish","type":"product","link":"https:\/\/garsaspro.lt\/en\/product\/led-screen-2-5x4-5m-3-91-rented-with-staff-only\/","title":{"rendered":"LED Screen 2.5&#215;4.5m 3.91 (Rented with staff only)"},"content":{"rendered":"<p>Pagrindin\u0117s savyb\u0117s<\/p>\n<p>&#8211; Ry\u0161kus P3.9 LED ekranas (pikselio \u017eingsnis 3,91 mm)<br \/>\n&#8211; Matomas net saul\u0117t\u0105 dien\u0105: ry\u0161kumas iki 6000 nit\u0173<br \/>\n&#8211; Rekomenduojamas \u017ei\u016br\u0117jimo atstumas: nuo 3 m<br \/>\n&#8211; Platus matymo kampas: 140\u00b0<br \/>\n&#8211; Auk\u0161tas kontrastas: 5000:1<\/p>\n<p>Svarbiausi duomenys(Vieno modulio):<br \/>\n&#8211; Matmenys: 50 \u00d7 100 cm<br \/>\n&#8211; Svoris: 14,5 kg<br \/>\n&#8211; Pikselio \u017eingsnis: 3,91 mm (ry\u0161kus ir detalus vaizdas)<br \/>\n&#8211; Spalv\u0173 temperat\u016bra: 2000\u20139300 K<br \/>\n&#8211; Energijos s\u0105naudos: vidutini\u0161kai ~250 W\/m\u00b2, maksimaliai iki 500 W\/m\u00b2<\/p>\n","protected":false},"excerpt":{"rendered":"<p>Pagrindin\u0117s savyb\u0117s &#8211; Ry\u0161kus P3.9 LED ekranas (pikselio \u017eingsnis 3,91 mm) &#8211; Matomas net saul\u0117t\u0105 dien\u0105: ry\u0161kumas iki 6000 nit\u0173<\/p>\n","protected":false},"featured_media":914,"comment_status":"open","ping_status":"closed","template":"","meta":[],"product_brand":[],"product_cat":[44],"product_tag":[],"class_list":{"0":"post-944","1":"product","2":"type-product","3":"status-publish","4":"has-post-thumbnail","6":"product_cat-led-displays","8":"first","9":"instock","10":"shipping-taxable","11":"purchasable","12":"product-type-redq_rental"},"_links":{"self":[{"href":"https:\/\/garsaspro.lt\/en\/wp-json\/wp\/v2\/product\/944","targetHints":{"allow":["GET"]}}],"collection":[{"href":"https:\/\/garsaspro.lt\/en\/wp-json\/wp\/v2\/product"}],"about":[{"href":"https:\/\/garsaspro.lt\/en\/wp-json\/wp\/v2\/types\/product"}],"replies":[{"embeddable":true,"href":"https:\/\/garsaspro.lt\/en\/wp-json\/wp\/v2\/comments?post=944"}],"wp:featuredmedia":[{"embeddable":true,"href":"https:\/\/garsaspro.lt\/en\/wp-json\/wp\/v2\/media\/914"}],"wp:attachment":[{"href":"https:\/\/garsaspro.lt\/en\/wp-json\/wp\/v2\/media?parent=944"}],"wp:term":[{"taxonomy":"product_brand","embeddable":true,"href":"https:\/\/garsaspro.lt\/en\/wp-json\/wp\/v2\/product_brand?post=944"},{"taxonomy":"product_cat","embeddable":true,"href":"https:\/\/garsaspro.lt\/en\/wp-json\/wp\/v2\/product_cat?post=944"},{"taxonomy":"product_tag","embeddable":true,"href":"https:\/\/garsaspro.lt\/en\/wp-json\/wp\/v2\/product_tag?post=944"}],"curies":[{"name":"wp","href":"https:\/\/api.w.org\/{rel}","templated":true}]}}