
{"id":1363,"date":"2025-07-02T00:25:46","date_gmt":"2025-07-01T22:25:46","guid":{"rendered":"https:\/\/garsaspro.lt\/?post_type=product&#038;p=1363"},"modified":"2025-12-02T15:40:17","modified_gmt":"2025-12-02T13:40:17","slug":"wash-soundation-thesis-1920-zoom","status":"publish","type":"product","link":"https:\/\/garsaspro.lt\/en\/product\/wash-soundation-thesis-1920-zoom\/","title":{"rendered":"WASH Soundation Thesis 1920 Zoom"},"content":{"rendered":"<p>THESIS 1912 ZOOM LED judanti galva \u2013 kompakti\u0161ka, lengva ir paprasta naudoti. Puikiai tinka renginiams, kai reikia greitai sukurti ry\u0161k\u0173, dinami\u0161k\u0105 ap\u0161vietim\u0105.<\/p>\n<p>Pagrindiniai privalumai:<br \/>\n&#8211; Sklandus ry\u0161kumo valdymas ir platus zoomas (15\u201360\u00b0): nuo siauro spoto iki plataus \u201ewash\u201c.<br \/>\n&#8211; Ry\u0161kios RGBW spalvos ir kelios \u0161viesos zonos k\u016brybi\u0161kiems efektams.<br \/>\n&#8211; Greiti blyksniai, skland\u016bs per\u0117jimai ir tiksl\u016bs judesiai.<br \/>\n&#8211; Patogus LCD ekranas greitam nustatymui.<\/p>\n<p>Rinkinys:<br \/>\n&#8211; 4 vnt. judan\u010di\u0173 galv\u0173<br \/>\n&#8211; 8 vnt. kabinimo laikikli\u0173 su greito fiksavimo sistema<br \/>\n&#8211; Maitinimo laidai<br \/>\n&#8211; DMX laidai<br \/>\n&#8211; 1 vnt. transportavimo d\u0117klas (flight case) su pried\u0173 skyriumi<\/p>\n<p>Patikimas ir universalus sprendimas profesionalams ir m\u0117g\u0117jams.<\/p>\n","protected":false},"excerpt":{"rendered":"<p>THESIS 1912 ZOOM LED judanti galva \u2013 kompakti\u0161ka, lengva ir paprasta naudoti. Puikiai tinka renginiams, kai reikia greitai sukurti ry\u0161k\u0173,<\/p>\n","protected":false},"featured_media":862,"comment_status":"open","ping_status":"closed","template":"","meta":[],"product_brand":[62],"product_cat":[79],"product_tag":[],"class_list":{"0":"post-1363","1":"product","2":"type-product","3":"status-publish","4":"has-post-thumbnail","6":"product_brand-centolight","7":"product_cat-lights","9":"first","10":"instock","11":"shipping-taxable","12":"purchasable","13":"product-type-redq_rental"},"_links":{"self":[{"href":"https:\/\/garsaspro.lt\/en\/wp-json\/wp\/v2\/product\/1363","targetHints":{"allow":["GET"]}}],"collection":[{"href":"https:\/\/garsaspro.lt\/en\/wp-json\/wp\/v2\/product"}],"about":[{"href":"https:\/\/garsaspro.lt\/en\/wp-json\/wp\/v2\/types\/product"}],"replies":[{"embeddable":true,"href":"https:\/\/garsaspro.lt\/en\/wp-json\/wp\/v2\/comments?post=1363"}],"wp:featuredmedia":[{"embeddable":true,"href":"https:\/\/garsaspro.lt\/en\/wp-json\/wp\/v2\/media\/862"}],"wp:attachment":[{"href":"https:\/\/garsaspro.lt\/en\/wp-json\/wp\/v2\/media?parent=1363"}],"wp:term":[{"taxonomy":"product_brand","embeddable":true,"href":"https:\/\/garsaspro.lt\/en\/wp-json\/wp\/v2\/product_brand?post=1363"},{"taxonomy":"product_cat","embeddable":true,"href":"https:\/\/garsaspro.lt\/en\/wp-json\/wp\/v2\/product_cat?post=1363"},{"taxonomy":"product_tag","embeddable":true,"href":"https:\/\/garsaspro.lt\/en\/wp-json\/wp\/v2\/product_tag?post=1363"}],"curies":[{"name":"wp","href":"https:\/\/api.w.org\/{rel}","templated":true}]}}