
{"id":1361,"date":"2025-07-02T00:21:47","date_gmt":"2025-07-01T22:21:47","guid":{"rendered":"https:\/\/garsaspro.lt\/?post_type=product&#038;p=1361"},"modified":"2025-12-02T15:40:17","modified_gmt":"2025-12-02T13:40:17","slug":"led-bar-centolight-moodliner-1812wp","status":"publish","type":"product","link":"https:\/\/garsaspro.lt\/en\/product\/led-bar-centolight-moodliner-1812wp\/","title":{"rendered":"LED BAR CENTOLIGHT MOODLINER 1812WP"},"content":{"rendered":"<p>Galinga LED \u0161viesos juosta renginiams \u2013<\/p>\n<p>&#8211; Ry\u0161kios RGBW spalvos (balta + visi atspalviai)<br \/>\n&#8211; \u0160velnus, tolygus pritemdymas nuo 0 iki 100%<br \/>\n&#8211; Veikia tyliai (be ventiliatoriaus \u2013 netrukdo garsui)<br \/>\n&#8211; Mirg\u0117jimo n\u0117ra \u2013 tinkama filmavimui ir fotografijai<br \/>\n&#8211; Galima valdyti DMX pultu, sinchronizuoti su muzika arba leisti automatin\u012f re\u017eim\u0105<br \/>\n&#8211; Atspari lietui ir dulk\u0117ms (IP65) \u2013 saugu naudoti lauke<br \/>\n&#8211; Patvarus korpusas i\u0161 aliuminio ir plieno<\/p>\n<p>Puikiai tinka:<br \/>\n&#8211; Koncertams, scenai, parodoms<br \/>\n&#8211; Vestuv\u0117ms, fotosesijoms, \u012fmoni\u0173 renginiams<br \/>\n&#8211; Pastat\u0173, sien\u0173 ar dekoracij\u0173 ap\u0161vietimui<\/p>\n<p>Trumpai apie technik\u0105 (paprastai):<br \/>\n&#8211; 18 galing\u0173 LED (12 W kiekvienas) \u2013 daug \u0161viesos ir sodrios spalvos<br \/>\n&#8211; Platus \u0161viesos padengimas<br \/>\n&#8211; Paprastos jungtys (maitinimas ir 3-pin XLR DMX)<br \/>\n&#8211; Veikia nuo 100\u2013240 V tinklo, suvartoja iki ~240 W<\/p>\n","protected":false},"excerpt":{"rendered":"<p>Galinga LED \u0161viesos juosta renginiams \u2013 &#8211; Ry\u0161kios RGBW spalvos (balta + visi atspalviai) &#8211; \u0160velnus, tolygus pritemdymas nuo 0<\/p>\n","protected":false},"featured_media":869,"comment_status":"open","ping_status":"closed","template":"","meta":[],"product_brand":[62],"product_cat":[79],"product_tag":[],"class_list":{"0":"post-1361","1":"product","2":"type-product","3":"status-publish","4":"has-post-thumbnail","6":"product_brand-centolight","7":"product_cat-lights","9":"first","10":"instock","11":"shipping-taxable","12":"purchasable","13":"product-type-redq_rental"},"_links":{"self":[{"href":"https:\/\/garsaspro.lt\/en\/wp-json\/wp\/v2\/product\/1361","targetHints":{"allow":["GET"]}}],"collection":[{"href":"https:\/\/garsaspro.lt\/en\/wp-json\/wp\/v2\/product"}],"about":[{"href":"https:\/\/garsaspro.lt\/en\/wp-json\/wp\/v2\/types\/product"}],"replies":[{"embeddable":true,"href":"https:\/\/garsaspro.lt\/en\/wp-json\/wp\/v2\/comments?post=1361"}],"wp:featuredmedia":[{"embeddable":true,"href":"https:\/\/garsaspro.lt\/en\/wp-json\/wp\/v2\/media\/869"}],"wp:attachment":[{"href":"https:\/\/garsaspro.lt\/en\/wp-json\/wp\/v2\/media?parent=1361"}],"wp:term":[{"taxonomy":"product_brand","embeddable":true,"href":"https:\/\/garsaspro.lt\/en\/wp-json\/wp\/v2\/product_brand?post=1361"},{"taxonomy":"product_cat","embeddable":true,"href":"https:\/\/garsaspro.lt\/en\/wp-json\/wp\/v2\/product_cat?post=1361"},{"taxonomy":"product_tag","embeddable":true,"href":"https:\/\/garsaspro.lt\/en\/wp-json\/wp\/v2\/product_tag?post=1361"}],"curies":[{"name":"wp","href":"https:\/\/api.w.org\/{rel}","templated":true}]}}